{"id":436,"date":"2025-07-07T04:48:39","date_gmt":"2025-07-07T04:48:39","guid":{"rendered":"https:\/\/odysseyexports.gr\/odysseyexports-griechenland-ueber-uns\/"},"modified":"2025-07-09T12:32:45","modified_gmt":"2025-07-09T12:32:45","slug":"odysseyexports-griechenland-ueber-uns","status":"publish","type":"page","link":"https:\/\/odysseyexports.gr\/de\/odysseyexports-griechenland-ueber-uns\/","title":{"rendered":"Odysseyexports Griechenland &#8211; \u00dcber uns"},"content":{"rendered":"\t\t<div data-elementor-type=\"wp-page\" data-elementor-id=\"436\" class=\"elementor elementor-436 elementor-215\" data-elementor-post-type=\"page\">\n\t\t\t\t<div class=\"elementor-element elementor-element-f33268d e-con-full e-flex e-con e-parent\" data-id=\"f33268d\" data-element_type=\"container\" data-settings=\"{&quot;background_background&quot;:&quot;classic&quot;}\">\n\t\t\t\t<div class=\"elementor-element elementor-element-7dab821 elementor-widget elementor-widget-heading\" data-id=\"7dab821\" data-element_type=\"widget\" data-widget_type=\"heading.default\">\n\t\t\t\t\t<h1 class=\"elementor-heading-title elementor-size-default\">\u00dcber Odyssey Exports<\/h1>\t\t\t\t<\/div>\n\t\t\t\t<div class=\"elementor-element elementor-element-97d1722 elementor-widget elementor-widget-heading\" data-id=\"97d1722\" data-element_type=\"widget\" data-widget_type=\"heading.default\">\n\t\t\t\t\t<h3 class=\"elementor-heading-title elementor-size-default\">Erleben Sie die besten Produkte Griechenlands, die auf ehrlichen Partnerschaften basieren.<\/h3>\t\t\t\t<\/div>\n\t\t\t\t<\/div>\n\t\t<div class=\"elementor-element elementor-element-a1fa90f e-flex e-con-boxed e-con e-parent\" data-id=\"a1fa90f\" data-element_type=\"container\">\n\t\t\t\t\t<div class=\"e-con-inner\">\n\t\t\t\t<div class=\"elementor-element elementor-element-b816ab1 elementor-widget elementor-widget-text-editor\" data-id=\"b816ab1\" data-element_type=\"widget\" data-widget_type=\"text-editor.default\">\n\t\t\t\t\t\t\t\t\t<p data-start=\"106\" data-end=\"200\">Bei <strong data-start=\"109\" data-end=\"132\">Odyssey Exports IKE<\/strong> bringen wir das Beste aus Griechenland in die Welt, ein Produkt nach dem anderen.<\/p><p data-start=\"202\" data-end=\"689\">Wir kommen aus <strong data-start=\"215\" data-end=\"234\">Aitoloakarnania<\/strong>, der gr\u00f6\u00dften Pr\u00e4fektur Griechenlands, einem Land, das f\u00fcr seinen fruchtbaren Boden und sein reiches landwirtschaftliches Erbe bekannt ist. Unsere Reise begann mit einer tiefen Verbundenheit zu den Sch\u00e4tzen unserer Region &#8211; insbesondere den <strong data-start=\"422\" data-end=\"477\">Kalamon-Oliven, gr\u00fcnen Oliven und erstklassigem Oliven\u00f6l<\/strong>. Inspiriert von der au\u00dfergew\u00f6hnlichen Qualit\u00e4t dieser lokalen Produkte, gr\u00fcndeten wir Odyssey Exports IKE, um nicht nur die Aromen von Aitoloakarnania, sondern auch <strong data-start=\"632\" data-end=\"686\">authentische griechische Produkte aus dem ganzen Land<\/strong> zu pr\u00e4sentieren.  <\/p><p data-start=\"691\" data-end=\"1059\">Unsere Mission ist einfach: die besten, <strong data-start=\"745\" data-end=\"776\">nat\u00fcrlichsten und authentischsten Lebensmittel<\/strong> Griechenlands zu verbreiten, die von erfahrenen Landwirten und Kunsthandwerkern hergestellt werden, die das Land und seine Traditionen respektieren. Von <strong data-start=\"864\" data-end=\"890\">nativem Oliven\u00f6l extra<\/strong> \u00fcber <strong data-start=\"894\" data-end=\"945\">sonnengereifte Fr\u00fcchte bis hin zu handwerklich hergestelltem K\u00e4se und vielem mehr<\/strong> spiegelt jedes Produkt, das wir exportieren, die Essenz der <strong data-start=\"999\" data-end=\"1021\">mediterranen Ern\u00e4hrung<\/strong> und die zeitlosen Aromen Griechenlands wider. <\/p><p data-start=\"1061\" data-end=\"1318\">Wir glauben, dass <strong data-start=\"1077\" data-end=\"1111\">gro\u00dfartiges griechisches Essen eine Geschichte erz\u00e4hlt &#8211; eine Geschichte<\/strong>von Tradition, Handwerkskunst und einer tiefen Verbundenheit mit der Natur. Deshalb arbeiten wir eng mit <strong data-start=\"1210\" data-end=\"1229\">lokalen Erzeugern<\/strong> zusammen, die nachhaltige Praktiken und unersch\u00fctterliche Standards f\u00fcr Qualit\u00e4t und Authentizit\u00e4t einhalten. <\/p><p data-start=\"1320\" data-end=\"1751\">Bei Odyssey Exports IKE geht unser Engagement \u00fcber die Lieferung von Premiumprodukten hinaus. Unser Ziel ist es, langfristige Partnerschaften mit unseren Kunden aufzubauen und den <strong data-start=\"1475\" data-end=\"1499\">wahren Geschmack Griechenlands<\/strong> auf die Tische der ganzen Welt zu bringen. Ganz gleich, ob Sie Zutaten f\u00fcr Gourmet-Kreationen suchen oder Ihren Kunden das gesunde Erlebnis <strong data-start=\"1649\" data-end=\"1671\">nat\u00fcrlicher griechischer Lebensmittel<\/strong> bieten m\u00f6chten &#8211; wir helfen Ihnen, die unvergleichlichen Aromen des Mittelmeers zu entdecken.  <\/p><p data-start=\"1753\" data-end=\"1861\">Lassen Sie uns das Herz Griechenlands auf Ihren Tisch bringen &#8211; eine ehrliche Partnerschaft, ein au\u00dfergew\u00f6hnliches Produkt, nach dem anderen.<\/p>\t\t\t\t\t\t\t\t<\/div>\n\t\t\t\t<div class=\"elementor-element elementor-element-c9b1d56 elementor-align-center elementor-widget elementor-widget-button\" data-id=\"c9b1d56\" data-element_type=\"widget\" data-widget_type=\"button.default\">\n\t\t\t\t\t\t\t\t\t\t<a class=\"elementor-button elementor-button-link elementor-size-sm\" href=\"https:\/\/odysseyexports.gr\/de\/kontakt-odysseyexports-griechenland\/\">\n\t\t\t\t\t\t<span class=\"elementor-button-content-wrapper\">\n\t\t\t\t\t\t\t\t\t<span class=\"elementor-button-text\">KONTAKT US<\/span>\n\t\t\t\t\t<\/span>\n\t\t\t\t\t<\/a>\n\t\t\t\t\t\t\t\t<\/div>\n\t\t\t\t\t<\/div>\n\t\t\t\t<\/div>\n\t\t\t\t<\/div>\n\t\t","protected":false},"excerpt":{"rendered":"<p>\u00dcber Odyssey Exports Erleben Sie die besten Produkte Griechenlands, die auf ehrlichen Partnerschaften basieren. Bei Odyssey Exports IKE bringen wir das Beste aus Griechenland in die Welt, ein Produkt nach dem anderen. Wir kommen aus Aitoloakarnania, der gr\u00f6\u00dften Pr\u00e4fektur Griechenlands, einem Land, das f\u00fcr seinen fruchtbaren Boden und sein reiches landwirtschaftliches Erbe bekannt ist. Unsere [&hellip;]<\/p>\n","protected":false},"author":1,"featured_media":0,"parent":0,"menu_order":0,"comment_status":"closed","ping_status":"closed","template":"","meta":{"footnotes":""},"class_list":["post-436","page","type-page","status-publish","hentry"],"_links":{"self":[{"href":"https:\/\/odysseyexports.gr\/de\/wp-json\/wp\/v2\/pages\/436","targetHints":{"allow":["GET"]}}],"collection":[{"href":"https:\/\/odysseyexports.gr\/de\/wp-json\/wp\/v2\/pages"}],"about":[{"href":"https:\/\/odysseyexports.gr\/de\/wp-json\/wp\/v2\/types\/page"}],"author":[{"embeddable":true,"href":"https:\/\/odysseyexports.gr\/de\/wp-json\/wp\/v2\/users\/1"}],"replies":[{"embeddable":true,"href":"https:\/\/odysseyexports.gr\/de\/wp-json\/wp\/v2\/comments?post=436"}],"version-history":[{"count":4,"href":"https:\/\/odysseyexports.gr\/de\/wp-json\/wp\/v2\/pages\/436\/revisions"}],"predecessor-version":[{"id":471,"href":"https:\/\/odysseyexports.gr\/de\/wp-json\/wp\/v2\/pages\/436\/revisions\/471"}],"wp:attachment":[{"href":"https:\/\/odysseyexports.gr\/de\/wp-json\/wp\/v2\/media?parent=436"}],"curies":[{"name":"wp","href":"https:\/\/api.w.org\/{rel}","templated":true}]}}