{"id":427,"date":"2025-07-07T06:13:39","date_gmt":"2025-07-07T06:13:39","guid":{"rendered":"https:\/\/odysseyexports.gr\/datenschutzerklaerung-odyssey-exports-griechischer-lebensmittelexporteur\/"},"modified":"2025-07-09T12:31:24","modified_gmt":"2025-07-09T12:31:24","slug":"datenschutzerklaerung-odyssey-exports-griechischer-lebensmittelexporteur","status":"publish","type":"page","link":"https:\/\/odysseyexports.gr\/de\/datenschutzerklaerung-odyssey-exports-griechischer-lebensmittelexporteur\/","title":{"rendered":"Datenschutzerkl\u00e4rung | Odyssey Exports &#8211; Griechischer Lebensmittelexporteur"},"content":{"rendered":"\t\t<div data-elementor-type=\"wp-page\" data-elementor-id=\"427\" class=\"elementor elementor-427 elementor-256\" data-elementor-post-type=\"page\">\n\t\t\t\t<div class=\"elementor-element elementor-element-31f3b82 e-flex e-con-boxed e-con e-parent\" data-id=\"31f3b82\" data-element_type=\"container\">\n\t\t\t\t\t<div class=\"e-con-inner\">\n\t\t\t\t<div class=\"elementor-element elementor-element-0d15952 elementor-widget elementor-widget-text-editor\" data-id=\"0d15952\" data-element_type=\"widget\" data-widget_type=\"text-editor.default\">\n\t\t\t\t\t\t\t\t\t<p data-start=\"134\" data-end=\"268\">Bei <strong data-start=\"137\" data-end=\"160\">Odyssey Exports IKE<\/strong> sch\u00e4tzen wir Ihre Privatsph\u00e4re und verpflichten uns, die Allgemeine Datenschutzverordnung (GDPR) einzuhalten.<\/p><p data-start=\"270\" data-end=\"486\">Wir erheben und verarbeiten die personenbezogenen Daten, die Sie uns freiwillig \u00fcber unsere Kontaktformulare oder E-Mails zur Verf\u00fcgung stellen, nur zu dem Zweck, Ihre Anfragen zu beantworten, Ihre W\u00fcnsche zu erf\u00fcllen und unsere Dienstleistungen zu verbessern.<\/p><p data-start=\"488\" data-end=\"665\">Wir verkaufen, vermieten oder teilen Ihre pers\u00f6nlichen Daten <strong data-start=\"494\" data-end=\"501\">nicht<\/strong> mit Dritten zu Marketingzwecken. Ihre Daten werden sicher aufbewahrt und nur von autorisiertem Personal eingesehen. <\/p><p data-start=\"667\" data-end=\"841\">Sie haben das Recht, jederzeit auf Ihre personenbezogenen Daten zuzugreifen, sie zu korrigieren oder ihre L\u00f6schung zu verlangen. Um diese Rechte auszu\u00fcben, kontaktieren Sie uns bitte unter <a href=\"mailto:info@odysseyexports.gr\"><strong data-start=\"812\" data-end=\"838\">info@odysseyexports.gr<\/strong><\/a>. <\/p><p data-start=\"843\" data-end=\"959\">Indem Sie Ihre Daten \u00fcber diese Website \u00fcbermitteln, erkl\u00e4ren Sie sich mit der Verarbeitung dieser Daten in \u00dcbereinstimmung mit dieser Richtlinie einverstanden.<\/p><p data-start=\"961\" data-end=\"1043\">Sollten Sie Fragen oder Bedenken bez\u00fcglich Ihrer Daten haben, k\u00f6nnen Sie sich gerne an uns wenden.<\/p>\t\t\t\t\t\t\t\t<\/div>\n\t\t\t\t\t<\/div>\n\t\t\t\t<\/div>\n\t\t\t\t<\/div>\n\t\t","protected":false},"excerpt":{"rendered":"<p>Bei Odyssey Exports IKE sch\u00e4tzen wir Ihre Privatsph\u00e4re und verpflichten uns, die Allgemeine Datenschutzverordnung (GDPR) einzuhalten. Wir erheben und verarbeiten die personenbezogenen Daten, die Sie uns freiwillig \u00fcber unsere Kontaktformulare oder E-Mails zur Verf\u00fcgung stellen, nur zu dem Zweck, Ihre Anfragen zu beantworten, Ihre W\u00fcnsche zu erf\u00fcllen und unsere Dienstleistungen zu verbessern. Wir verkaufen, vermieten [&hellip;]<\/p>\n","protected":false},"author":1,"featured_media":0,"parent":0,"menu_order":0,"comment_status":"closed","ping_status":"closed","template":"","meta":{"footnotes":""},"class_list":["post-427","page","type-page","status-publish","hentry"],"_links":{"self":[{"href":"https:\/\/odysseyexports.gr\/de\/wp-json\/wp\/v2\/pages\/427","targetHints":{"allow":["GET"]}}],"collection":[{"href":"https:\/\/odysseyexports.gr\/de\/wp-json\/wp\/v2\/pages"}],"about":[{"href":"https:\/\/odysseyexports.gr\/de\/wp-json\/wp\/v2\/types\/page"}],"author":[{"embeddable":true,"href":"https:\/\/odysseyexports.gr\/de\/wp-json\/wp\/v2\/users\/1"}],"replies":[{"embeddable":true,"href":"https:\/\/odysseyexports.gr\/de\/wp-json\/wp\/v2\/comments?post=427"}],"version-history":[{"count":4,"href":"https:\/\/odysseyexports.gr\/de\/wp-json\/wp\/v2\/pages\/427\/revisions"}],"predecessor-version":[{"id":468,"href":"https:\/\/odysseyexports.gr\/de\/wp-json\/wp\/v2\/pages\/427\/revisions\/468"}],"wp:attachment":[{"href":"https:\/\/odysseyexports.gr\/de\/wp-json\/wp\/v2\/media?parent=427"}],"curies":[{"name":"wp","href":"https:\/\/api.w.org\/{rel}","templated":true}]}}